{"id":125,"date":"2024-07-17T10:50:07","date_gmt":"2024-07-17T08:50:07","guid":{"rendered":"https:\/\/ksat.teleco.uma.es\/?page_id=125"},"modified":"2024-07-17T10:50:07","modified_gmt":"2024-07-17T08:50:07","slug":"que-es-k-sat","status":"publish","type":"page","link":"https:\/\/ksat.teleco.uma.es\/?page_id=125","title":{"rendered":"\u00bfQu\u00e9 es K-SAT?"},"content":{"rendered":"\n<p>El proyecto \u00abKSAT: Space &amp; Entrepreneurship Lab of the University of M\u00e1laga\u00bb es un proyecto de emprendimiento universitario, financiado por el Vicerrectorado de Innovaci\u00f3n Social y Emprendimiento de la Universidad de M\u00e1laga.<\/p>\n\n\n\n<p>El objetivo principal del proyecto K-SAT es la concepci\u00f3n, desarrollo y preparaci\u00f3n de ideas emprendedoras de aplicaci\u00f3n de recursos espaciales, con especial foco en el posicionamiento por sat\u00e9lite (Global Navigation Satellite System, GNSS) de cara a su participaci\u00f3n en concursos internacionales, especialmente aquellos promovidos por la Comisi\u00f3n Europea.<\/p>\n\n\n\n<p>El proyecto K-SAT tiene tres fases fundamentales:&nbsp;<\/p>\n\n\n\n<ol>\n<li>Formaci\u00f3n<\/li>\n\n\n\n<li>Presentaci\u00f3n interna de propuestas (ver im\u00e1genes)<\/li>\n\n\n\n<li>Participaci\u00f3n en competici\u00f3n internacional con una de las propuestas trabajadas a lo largo del curso.<\/li>\n<\/ol>\n\n\n\n<figure class=\"wp-block-image size-full\"><img loading=\"lazy\" decoding=\"async\" width=\"1008\" height=\"998\" src=\"https:\/\/ksat.teleco.uma.es\/wp-content\/uploads\/2024\/07\/fotos-memoria.png\" alt=\"\" class=\"wp-image-126\" srcset=\"https:\/\/ksat.teleco.uma.es\/wp-content\/uploads\/2024\/07\/fotos-memoria.png 1008w, https:\/\/ksat.teleco.uma.es\/wp-content\/uploads\/2024\/07\/fotos-memoria-300x297.png 300w, https:\/\/ksat.teleco.uma.es\/wp-content\/uploads\/2024\/07\/fotos-memoria-150x150.png 150w, https:\/\/ksat.teleco.uma.es\/wp-content\/uploads\/2024\/07\/fotos-memoria-768x760.png 768w\" sizes=\"(max-width: 1008px) 100vw, 1008px\" \/><\/figure>\n\n\n\n<p>Desde K-SAT se pretende aportar una experiencia formativa distinta y, sobre todo, una nueva perspectiva sobre el potencial de los estudiantes de la Universidad de M\u00e1laga.\u00a0<\/p>\n","protected":false},"excerpt":{"rendered":"<p>El proyecto \u00abKSAT: Space &amp; Entrepreneurship Lab of the University of M\u00e1laga\u00bb es un proyecto de emprendimiento universitario, financiado por el Vicerrectorado de Innovaci\u00f3n Social y Emprendimiento de la Universidad de M\u00e1laga. El objetivo principal del proyecto K-SAT es la concepci\u00f3n, desarrollo y preparaci\u00f3n de ideas emprendedoras de aplicaci\u00f3n de recursos espaciales, con especial foco&hellip; <br \/> <a class=\"read-more\" href=\"https:\/\/ksat.teleco.uma.es\/?page_id=125\">Read more<\/a><\/p>\n","protected":false},"author":1,"featured_media":0,"parent":0,"menu_order":0,"comment_status":"closed","ping_status":"closed","template":"","meta":{"footnotes":""},"_links":{"self":[{"href":"https:\/\/ksat.teleco.uma.es\/index.php?rest_route=\/wp\/v2\/pages\/125"}],"collection":[{"href":"https:\/\/ksat.teleco.uma.es\/index.php?rest_route=\/wp\/v2\/pages"}],"about":[{"href":"https:\/\/ksat.teleco.uma.es\/index.php?rest_route=\/wp\/v2\/types\/page"}],"author":[{"embeddable":true,"href":"https:\/\/ksat.teleco.uma.es\/index.php?rest_route=\/wp\/v2\/users\/1"}],"replies":[{"embeddable":true,"href":"https:\/\/ksat.teleco.uma.es\/index.php?rest_route=%2Fwp%2Fv2%2Fcomments&post=125"}],"version-history":[{"count":1,"href":"https:\/\/ksat.teleco.uma.es\/index.php?rest_route=\/wp\/v2\/pages\/125\/revisions"}],"predecessor-version":[{"id":127,"href":"https:\/\/ksat.teleco.uma.es\/index.php?rest_route=\/wp\/v2\/pages\/125\/revisions\/127"}],"wp:attachment":[{"href":"https:\/\/ksat.teleco.uma.es\/index.php?rest_route=%2Fwp%2Fv2%2Fmedia&parent=125"}],"curies":[{"name":"wp","href":"https:\/\/api.w.org\/{rel}","templated":true}]}}